{"id":727,"date":"2024-09-03T21:53:54","date_gmt":"2024-09-03T21:53:54","guid":{"rendered":"https:\/\/nkc.gurudesk.dev\/hakkimizda\/"},"modified":"2024-09-11T08:36:20","modified_gmt":"2024-09-11T08:36:20","slug":"hakkimizda","status":"publish","type":"page","link":"https:\/\/nkclegal.com\/tr\/hakkimizda\/","title":{"rendered":"Hakk\u0131m\u0131zda"},"content":{"rendered":"\t\t<div data-elementor-type=\"wp-page\" data-elementor-id=\"727\" class=\"elementor elementor-727 elementor-98\" data-elementor-post-type=\"page\">\n\t\t\t\t\t\t<section class=\"elementor-section elementor-top-section elementor-element elementor-element-3a815a36 elementor-section-boxed elementor-section-height-default elementor-section-height-default\" data-id=\"3a815a36\" data-element_type=\"section\" data-e-type=\"section\" data-settings=\"{&quot;background_background&quot;:&quot;classic&quot;}\">\n\t\t\t\t\t\t\t<div class=\"elementor-background-overlay\"><\/div>\n\t\t\t\t\t\t\t<div class=\"elementor-container elementor-column-gap-default\">\n\t\t\t\t\t<div class=\"elementor-column elementor-col-100 elementor-top-column elementor-element elementor-element-6904a794\" data-id=\"6904a794\" data-element_type=\"column\" data-e-type=\"column\">\n\t\t\t<div class=\"elementor-widget-wrap elementor-element-populated\">\n\t\t\t\t\t\t<div class=\"elementor-element elementor-element-d9371ee elementor-widget elementor-widget-heading\" data-id=\"d9371ee\" data-element_type=\"widget\" data-e-type=\"widget\" data-widget_type=\"heading.default\">\n\t\t\t\t<div class=\"elementor-widget-container\">\n\t\t\t\t\t<h1 class=\"elementor-heading-title elementor-size-default\">HAKKIMIZDA<\/h1>\t\t\t\t<\/div>\n\t\t\t\t<\/div>\n\t\t\t\t\t<\/div>\n\t\t<\/div>\n\t\t\t\t\t<\/div>\n\t\t<\/section>\n\t\t<div class=\"elementor-element elementor-element-9ccf615 e-flex e-con-boxed e-con e-parent\" data-id=\"9ccf615\" data-element_type=\"container\" data-e-type=\"container\">\n\t\t\t\t\t<div class=\"e-con-inner\">\n\t\t<div class=\"elementor-element elementor-element-f6e2e4c e-con-full e-flex e-con e-child\" data-id=\"f6e2e4c\" data-element_type=\"container\" data-e-type=\"container\">\n\t\t\t\t<div class=\"elementor-element elementor-element-92bd71f elementor-widget elementor-widget-image\" data-id=\"92bd71f\" data-element_type=\"widget\" data-e-type=\"widget\" data-widget_type=\"image.default\">\n\t\t\t\t<div class=\"elementor-widget-container\">\n\t\t\t\t\t\t\t\t\t\t\t\t\t\t\t<img decoding=\"async\" width=\"70\" height=\"2\" src=\"https:\/\/nkclegal.com\/wp-content\/uploads\/2024\/09\/pseudo.png\" class=\"attachment-large size-large wp-image-696\" alt=\"\" \/>\t\t\t\t\t\t\t\t\t\t\t\t\t\t\t<\/div>\n\t\t\t\t<\/div>\n\t\t\t\t<\/div>\n\t\t<div class=\"elementor-element elementor-element-3ae0f0b e-con-full e-flex e-con e-child\" data-id=\"3ae0f0b\" data-element_type=\"container\" data-e-type=\"container\">\n\t\t\t\t<div class=\"elementor-element elementor-element-c064681 elementor-widget elementor-widget-heading\" data-id=\"c064681\" data-element_type=\"widget\" data-e-type=\"widget\" data-widget_type=\"heading.default\">\n\t\t\t\t<div class=\"elementor-widget-container\">\n\t\t\t\t\t<h2 class=\"elementor-heading-title elementor-size-default\">HAKKIMIZDA<\/h2>\t\t\t\t<\/div>\n\t\t\t\t<\/div>\n\t\t\t\t<\/div>\n\t\t\t\t\t<\/div>\n\t\t\t\t<\/div>\n\t\t<div class=\"elementor-element elementor-element-72f03f5 e-flex e-con-boxed e-con e-parent\" data-id=\"72f03f5\" data-element_type=\"container\" data-e-type=\"container\">\n\t\t\t\t\t<div class=\"e-con-inner\">\n\t\t<div class=\"elementor-element elementor-element-0ed48f6 e-con-full e-flex e-con e-child\" data-id=\"0ed48f6\" data-element_type=\"container\" data-e-type=\"container\">\n\t\t\t\t<div class=\"elementor-element elementor-element-65509a6 elementor-widget elementor-widget-image\" data-id=\"65509a6\" data-element_type=\"widget\" data-e-type=\"widget\" data-widget_type=\"image.default\">\n\t\t\t\t<div class=\"elementor-widget-container\">\n\t\t\t\t\t\t\t\t\t\t\t\t\t\t\t<img fetchpriority=\"high\" decoding=\"async\" width=\"360\" height=\"232\" src=\"https:\/\/nkclegal.com\/wp-content\/uploads\/2024\/09\/Frame-94.png\" class=\"attachment-large size-large wp-image-701\" alt=\"\" srcset=\"https:\/\/nkclegal.com\/wp-content\/uploads\/2024\/09\/Frame-94.png 360w, https:\/\/nkclegal.com\/wp-content\/uploads\/2024\/09\/Frame-94-300x193.png 300w\" sizes=\"(max-width: 360px) 100vw, 360px\" \/>\t\t\t\t\t\t\t\t\t\t\t\t\t\t\t<\/div>\n\t\t\t\t<\/div>\n\t\t\t\t<\/div>\n\t\t<div class=\"elementor-element elementor-element-4b0cc66 e-flex e-con-boxed e-con e-child\" data-id=\"4b0cc66\" data-element_type=\"container\" data-e-type=\"container\">\n\t\t\t\t\t<div class=\"e-con-inner\">\n\t\t\t\t<div class=\"elementor-element elementor-element-892d189 elementor-widget elementor-widget-text-editor\" data-id=\"892d189\" data-element_type=\"widget\" data-e-type=\"widget\" data-widget_type=\"text-editor.default\">\n\t\t\t\t<div class=\"elementor-widget-container\">\n\t\t\t\t\t\t\t\t\t<p>Narin\u00e7 I Karabey I \u00c7olako\u011flu, 1993\u2019te kurulmu\u015f olan, \u0130stanbul merkezli ve uluslararas\u0131 faaliyet g\u00f6steren bir hukuk b\u00fcrosudur. Hukukun \u00e7e\u015fitli alanlar\u0131nda hizmet sunmakla birlikte, \u0130\u015f Hukuku, Teknoloji  Veri Koruma, \u015eirketler Hukuku ve Gayrimenkul ba\u015fl\u0131ca uzmanl\u0131k alanlar\u0131m\u0131z\u0131 olu\u015fturmaktad\u0131r.  <\/p>\n\t\t\t\t\t\t\t\t<\/div>\n\t\t\t\t<\/div>\n\t\t\t\t\t<\/div>\n\t\t\t\t<\/div>\n\t\t\t\t\t<\/div>\n\t\t\t\t<\/div>\n\t\t<div class=\"elementor-element elementor-element-ce6b44f e-flex e-con-boxed e-con e-parent\" data-id=\"ce6b44f\" data-element_type=\"container\" data-e-type=\"container\" data-settings=\"{&quot;background_background&quot;:&quot;classic&quot;}\">\n\t\t\t\t\t<div class=\"e-con-inner\">\n\t\t<div class=\"elementor-element elementor-element-1369215 e-con-full e-flex e-con e-child\" data-id=\"1369215\" data-element_type=\"container\" data-e-type=\"container\">\n\t\t\t\t<div class=\"elementor-element elementor-element-e268ca7 elementor-widget elementor-widget-image\" data-id=\"e268ca7\" data-element_type=\"widget\" data-e-type=\"widget\" data-widget_type=\"image.default\">\n\t\t\t\t<div class=\"elementor-widget-container\">\n\t\t\t\t\t\t\t\t\t\t\t\t\t\t\t<img decoding=\"async\" width=\"70\" height=\"2\" src=\"https:\/\/nkclegal.com\/wp-content\/uploads\/2024\/09\/pseudo.png\" class=\"attachment-large size-large wp-image-696\" alt=\"\" \/>\t\t\t\t\t\t\t\t\t\t\t\t\t\t\t<\/div>\n\t\t\t\t<\/div>\n\t\t\t\t<\/div>\n\t\t<div class=\"elementor-element elementor-element-bd161a9 e-con-full e-flex e-con e-child\" data-id=\"bd161a9\" data-element_type=\"container\" data-e-type=\"container\">\n\t\t\t\t<div class=\"elementor-element elementor-element-bc30e9c elementor-widget elementor-widget-heading\" data-id=\"bc30e9c\" data-element_type=\"widget\" data-e-type=\"widget\" data-widget_type=\"heading.default\">\n\t\t\t\t<div class=\"elementor-widget-container\">\n\t\t\t\t\t<h2 class=\"elementor-heading-title elementor-size-default\">Ekibimiz<\/h2>\t\t\t\t<\/div>\n\t\t\t\t<\/div>\n\t\t\t\t<div class=\"elementor-element elementor-element-ec6409d elementor-widget elementor-widget-heading\" data-id=\"ec6409d\" data-element_type=\"widget\" data-e-type=\"widget\" data-widget_type=\"heading.default\">\n\t\t\t\t<div class=\"elementor-widget-container\">\n\t\t\t\t\t<h2 class=\"elementor-heading-title elementor-size-default\">HUKUK EK\u0130B\u0130<\/h2>\t\t\t\t<\/div>\n\t\t\t\t<\/div>\n\t\t\t\t<\/div>\n\t\t\t\t\t<\/div>\n\t\t\t\t<\/div>\n\t\t<div class=\"elementor-element elementor-element-7edc217 e-grid e-con-boxed e-con e-parent\" data-id=\"7edc217\" data-element_type=\"container\" data-e-type=\"container\" data-settings=\"{&quot;background_background&quot;:&quot;classic&quot;}\">\n\t\t\t\t\t<div class=\"e-con-inner\">\n\t\t<div class=\"elementor-element elementor-element-f8301b1 e-con-full e-flex e-con e-child\" data-id=\"f8301b1\" data-element_type=\"container\" data-e-type=\"container\">\n\t\t<a class=\"elementor-element elementor-element-a0740a4 e-con-full e-flex e-con e-child\" data-id=\"a0740a4\" data-element_type=\"container\" data-e-type=\"container\" data-settings=\"{&quot;background_background&quot;:&quot;classic&quot;}\" href=\"#elementor-action%3Aaction%3Dpopup%3Aopen%26settings%3DeyJpZCI6NzM0LCJ0b2dnbGUiOmZhbHNlfQ%3D%3D\">\n\t\t\t\t<div class=\"elementor-element elementor-element-925a6d9 elementor-widget elementor-widget-spacer\" data-id=\"925a6d9\" data-element_type=\"widget\" data-e-type=\"widget\" data-widget_type=\"spacer.default\">\n\t\t\t\t<div class=\"elementor-widget-container\">\n\t\t\t\t\t\t\t<div class=\"elementor-spacer\">\n\t\t\t<div class=\"elementor-spacer-inner\"><\/div>\n\t\t<\/div>\n\t\t\t\t\t\t<\/div>\n\t\t\t\t<\/div>\n\t\t\t\t<\/a>\n\t\t\t\t<div class=\"elementor-element elementor-element-1b402a5 elementor-widget elementor-widget-heading\" data-id=\"1b402a5\" data-element_type=\"widget\" data-e-type=\"widget\" data-widget_type=\"heading.default\">\n\t\t\t\t<div class=\"elementor-widget-container\">\n\t\t\t\t\t<h5 class=\"elementor-heading-title elementor-size-default\">Hasan Ali Narin\u00e7<\/h5>\t\t\t\t<\/div>\n\t\t\t\t<\/div>\n\t\t\t\t<div class=\"elementor-element elementor-element-1149513 elementor-widget elementor-widget-heading\" data-id=\"1149513\" data-element_type=\"widget\" data-e-type=\"widget\" data-widget_type=\"heading.default\">\n\t\t\t\t<div class=\"elementor-widget-container\">\n\t\t\t\t\t<h5 class=\"elementor-heading-title elementor-size-default\">Ortak<\/h5>\t\t\t\t<\/div>\n\t\t\t\t<\/div>\n\t\t\t\t<\/div>\n\t\t<div class=\"elementor-element elementor-element-18528a2 e-con-full e-flex e-con e-child\" data-id=\"18528a2\" data-element_type=\"container\" data-e-type=\"container\">\n\t\t<a class=\"elementor-element elementor-element-843a4f1 e-con-full e-flex e-con e-child\" data-id=\"843a4f1\" data-element_type=\"container\" data-e-type=\"container\" data-settings=\"{&quot;background_background&quot;:&quot;classic&quot;}\" href=\"#elementor-action%3Aaction%3Dpopup%3Aopen%26settings%3DeyJpZCI6NzQwLCJ0b2dnbGUiOmZhbHNlfQ%3D%3D\">\n\t\t\t\t<div class=\"elementor-element elementor-element-ee2e6ce elementor-widget elementor-widget-spacer\" data-id=\"ee2e6ce\" data-element_type=\"widget\" data-e-type=\"widget\" data-widget_type=\"spacer.default\">\n\t\t\t\t<div class=\"elementor-widget-container\">\n\t\t\t\t\t\t\t<div class=\"elementor-spacer\">\n\t\t\t<div class=\"elementor-spacer-inner\"><\/div>\n\t\t<\/div>\n\t\t\t\t\t\t<\/div>\n\t\t\t\t<\/div>\n\t\t\t\t<\/a>\n\t\t\t\t<div class=\"elementor-element elementor-element-8f741fc elementor-widget elementor-widget-heading\" data-id=\"8f741fc\" data-element_type=\"widget\" data-e-type=\"widget\" data-widget_type=\"heading.default\">\n\t\t\t\t<div class=\"elementor-widget-container\">\n\t\t\t\t\t<h5 class=\"elementor-heading-title elementor-size-default\">Niyazi Karabey<\/h5>\t\t\t\t<\/div>\n\t\t\t\t<\/div>\n\t\t\t\t<div class=\"elementor-element elementor-element-3ed186b elementor-widget elementor-widget-heading\" data-id=\"3ed186b\" data-element_type=\"widget\" data-e-type=\"widget\" data-widget_type=\"heading.default\">\n\t\t\t\t<div class=\"elementor-widget-container\">\n\t\t\t\t\t<h5 class=\"elementor-heading-title elementor-size-default\">Ortak<\/h5>\t\t\t\t<\/div>\n\t\t\t\t<\/div>\n\t\t\t\t<\/div>\n\t\t<div class=\"elementor-element elementor-element-1364d74 e-con-full e-flex e-con e-child\" data-id=\"1364d74\" data-element_type=\"container\" data-e-type=\"container\">\n\t\t<a class=\"elementor-element elementor-element-af29070 e-con-full e-flex e-con e-child\" data-id=\"af29070\" data-element_type=\"container\" data-e-type=\"container\" data-settings=\"{&quot;background_background&quot;:&quot;classic&quot;}\" href=\"#elementor-action%3Aaction%3Dpopup%3Aopen%26settings%3DeyJpZCI6NzQyLCJ0b2dnbGUiOmZhbHNlfQ%3D%3D\">\n\t\t\t\t<div class=\"elementor-element elementor-element-3a57eb0 elementor-widget elementor-widget-spacer\" data-id=\"3a57eb0\" data-element_type=\"widget\" data-e-type=\"widget\" data-widget_type=\"spacer.default\">\n\t\t\t\t<div class=\"elementor-widget-container\">\n\t\t\t\t\t\t\t<div class=\"elementor-spacer\">\n\t\t\t<div class=\"elementor-spacer-inner\"><\/div>\n\t\t<\/div>\n\t\t\t\t\t\t<\/div>\n\t\t\t\t<\/div>\n\t\t\t\t<\/a>\n\t\t\t\t<div class=\"elementor-element elementor-element-d0af508 elementor-widget elementor-widget-heading\" data-id=\"d0af508\" data-element_type=\"widget\" data-e-type=\"widget\" data-widget_type=\"heading.default\">\n\t\t\t\t<div class=\"elementor-widget-container\">\n\t\t\t\t\t<h5 class=\"elementor-heading-title elementor-size-default\">A. Can \u00c7olako\u011flu<\/h5>\t\t\t\t<\/div>\n\t\t\t\t<\/div>\n\t\t\t\t<div class=\"elementor-element elementor-element-c7a8845 elementor-widget elementor-widget-heading\" data-id=\"c7a8845\" data-element_type=\"widget\" data-e-type=\"widget\" data-widget_type=\"heading.default\">\n\t\t\t\t<div class=\"elementor-widget-container\">\n\t\t\t\t\t<h5 class=\"elementor-heading-title elementor-size-default\">Ortak<\/h5>\t\t\t\t<\/div>\n\t\t\t\t<\/div>\n\t\t\t\t<\/div>\n\t\t<div class=\"elementor-element elementor-element-d0faab8 e-con-full e-flex e-con e-child\" data-id=\"d0faab8\" data-element_type=\"container\" data-e-type=\"container\">\n\t\t<a class=\"elementor-element elementor-element-b98b1d5 e-con-full e-flex e-con e-child\" data-id=\"b98b1d5\" data-element_type=\"container\" data-e-type=\"container\" data-settings=\"{&quot;background_background&quot;:&quot;classic&quot;}\" href=\"#elementor-action%3Aaction%3Dpopup%3Aopen%26settings%3DeyJpZCI6NzM4LCJ0b2dnbGUiOmZhbHNlfQ%3D%3D\">\n\t\t\t\t<div class=\"elementor-element elementor-element-ff2cbd2 elementor-widget elementor-widget-spacer\" data-id=\"ff2cbd2\" data-element_type=\"widget\" data-e-type=\"widget\" data-widget_type=\"spacer.default\">\n\t\t\t\t<div class=\"elementor-widget-container\">\n\t\t\t\t\t\t\t<div class=\"elementor-spacer\">\n\t\t\t<div class=\"elementor-spacer-inner\"><\/div>\n\t\t<\/div>\n\t\t\t\t\t\t<\/div>\n\t\t\t\t<\/div>\n\t\t\t\t<\/a>\n\t\t\t\t<div class=\"elementor-element elementor-element-8472158 elementor-widget elementor-widget-heading\" data-id=\"8472158\" data-element_type=\"widget\" data-e-type=\"widget\" data-widget_type=\"heading.default\">\n\t\t\t\t<div class=\"elementor-widget-container\">\n\t\t\t\t\t<h5 class=\"elementor-heading-title elementor-size-default\">Berker Boyac\u0131<\/h5>\t\t\t\t<\/div>\n\t\t\t\t<\/div>\n\t\t\t\t<div class=\"elementor-element elementor-element-a03377b elementor-widget elementor-widget-heading\" data-id=\"a03377b\" data-element_type=\"widget\" data-e-type=\"widget\" data-widget_type=\"heading.default\">\n\t\t\t\t<div class=\"elementor-widget-container\">\n\t\t\t\t\t<h5 class=\"elementor-heading-title elementor-size-default\">K\u0131demli Avukat<\/h5>\t\t\t\t<\/div>\n\t\t\t\t<\/div>\n\t\t\t\t<\/div>\n\t\t<div class=\"elementor-element elementor-element-3ed1643 e-con-full e-flex e-con e-child\" data-id=\"3ed1643\" data-element_type=\"container\" data-e-type=\"container\">\n\t\t<a class=\"elementor-element elementor-element-4085b9b e-con-full e-flex e-con e-child\" data-id=\"4085b9b\" data-element_type=\"container\" data-e-type=\"container\" data-settings=\"{&quot;background_background&quot;:&quot;classic&quot;}\" href=\"#elementor-action%3Aaction%3Dpopup%3Aopen%26settings%3DeyJpZCI6NzMyLCJ0b2dnbGUiOmZhbHNlfQ%3D%3D\">\n\t\t\t\t<div class=\"elementor-element elementor-element-6c18482 elementor-widget elementor-widget-spacer\" data-id=\"6c18482\" data-element_type=\"widget\" data-e-type=\"widget\" data-widget_type=\"spacer.default\">\n\t\t\t\t<div class=\"elementor-widget-container\">\n\t\t\t\t\t\t\t<div class=\"elementor-spacer\">\n\t\t\t<div class=\"elementor-spacer-inner\"><\/div>\n\t\t<\/div>\n\t\t\t\t\t\t<\/div>\n\t\t\t\t<\/div>\n\t\t\t\t<\/a>\n\t\t\t\t<div class=\"elementor-element elementor-element-172cd27 elementor-widget elementor-widget-heading\" data-id=\"172cd27\" data-element_type=\"widget\" data-e-type=\"widget\" data-widget_type=\"heading.default\">\n\t\t\t\t<div class=\"elementor-widget-container\">\n\t\t\t\t\t<h5 class=\"elementor-heading-title elementor-size-default\">Alican Y\u00fcceb\u0131y\u0131k<\/h5>\t\t\t\t<\/div>\n\t\t\t\t<\/div>\n\t\t\t\t<div class=\"elementor-element elementor-element-a0fd11b elementor-widget elementor-widget-heading\" data-id=\"a0fd11b\" data-element_type=\"widget\" data-e-type=\"widget\" data-widget_type=\"heading.default\">\n\t\t\t\t<div class=\"elementor-widget-container\">\n\t\t\t\t\t<h5 class=\"elementor-heading-title elementor-size-default\">Avukat<\/h5>\t\t\t\t<\/div>\n\t\t\t\t<\/div>\n\t\t\t\t<\/div>\n\t\t<div class=\"elementor-element elementor-element-4c7939f e-con-full e-flex e-con e-child\" data-id=\"4c7939f\" data-element_type=\"container\" data-e-type=\"container\">\n\t\t<a class=\"elementor-element elementor-element-83342ad e-con-full e-flex e-con e-child\" data-id=\"83342ad\" data-element_type=\"container\" data-e-type=\"container\" data-settings=\"{&quot;background_background&quot;:&quot;classic&quot;}\">\n\t\t\t\t<div class=\"elementor-element elementor-element-61a68f5 elementor-widget elementor-widget-spacer\" data-id=\"61a68f5\" data-element_type=\"widget\" data-e-type=\"widget\" data-widget_type=\"spacer.default\">\n\t\t\t\t<div class=\"elementor-widget-container\">\n\t\t\t\t\t\t\t<div class=\"elementor-spacer\">\n\t\t\t<div class=\"elementor-spacer-inner\"><\/div>\n\t\t<\/div>\n\t\t\t\t\t\t<\/div>\n\t\t\t\t<\/div>\n\t\t\t\t<\/a>\n\t\t\t\t<div class=\"elementor-element elementor-element-968e3ee elementor-widget elementor-widget-heading\" data-id=\"968e3ee\" data-element_type=\"widget\" data-e-type=\"widget\" data-widget_type=\"heading.default\">\n\t\t\t\t<div class=\"elementor-widget-container\">\n\t\t\t\t\t<h5 class=\"elementor-heading-title elementor-size-default\">Ne\u015fe G\u00fcler<\/h5>\t\t\t\t<\/div>\n\t\t\t\t<\/div>\n\t\t\t\t<div class=\"elementor-element elementor-element-9138609 elementor-widget elementor-widget-heading\" data-id=\"9138609\" data-element_type=\"widget\" data-e-type=\"widget\" data-widget_type=\"heading.default\">\n\t\t\t\t<div class=\"elementor-widget-container\">\n\t\t\t\t\t<h5 class=\"elementor-heading-title elementor-size-default\">\u0130dari Asistan ve Operasyon<\/h5>\t\t\t\t<\/div>\n\t\t\t\t<\/div>\n\t\t\t\t<\/div>\n\t\t\t\t\t<\/div>\n\t\t\t\t<\/div>\n\t\t\t\t<\/div>\n\t\t","protected":false},"excerpt":{"rendered":"<p>HAKKIMIZDA HAKKIMIZDA Narin\u00e7 I Karabey I \u00c7olako\u011flu, 1993\u2019te kurulmu\u015f olan, \u0130stanbul merkezli ve uluslararas\u0131 faaliyet g\u00f6steren bir hukuk b\u00fcrosudur. Hukukun \u00e7e\u015fitli alanlar\u0131nda hizmet sunmakla birlikte, \u0130\u015f Hukuku, Teknoloji Veri Koruma, \u015eirketler Hukuku ve Gayrimenkul ba\u015fl\u0131ca uzmanl\u0131k alanlar\u0131m\u0131z\u0131 olu\u015fturmaktad\u0131r. Ekibimiz HUKUK EK\u0130B\u0130 Hasan Ali Narin\u00e7 Ortak Niyazi Karabey Ortak A. Can \u00c7olako\u011flu Ortak Berker Boyac\u0131 K\u0131demli [&hellip;]<\/p>\n","protected":false},"author":1,"featured_media":0,"parent":0,"menu_order":0,"comment_status":"closed","ping_status":"closed","template":"elementor_header_footer","meta":{"footnotes":""},"class_list":["post-727","page","type-page","status-publish","hentry"],"_links":{"self":[{"href":"https:\/\/nkclegal.com\/tr\/wp-json\/wp\/v2\/pages\/727","targetHints":{"allow":["GET"]}}],"collection":[{"href":"https:\/\/nkclegal.com\/tr\/wp-json\/wp\/v2\/pages"}],"about":[{"href":"https:\/\/nkclegal.com\/tr\/wp-json\/wp\/v2\/types\/page"}],"author":[{"embeddable":true,"href":"https:\/\/nkclegal.com\/tr\/wp-json\/wp\/v2\/users\/1"}],"replies":[{"embeddable":true,"href":"https:\/\/nkclegal.com\/tr\/wp-json\/wp\/v2\/comments?post=727"}],"version-history":[{"count":13,"href":"https:\/\/nkclegal.com\/tr\/wp-json\/wp\/v2\/pages\/727\/revisions"}],"predecessor-version":[{"id":918,"href":"https:\/\/nkclegal.com\/tr\/wp-json\/wp\/v2\/pages\/727\/revisions\/918"}],"wp:attachment":[{"href":"https:\/\/nkclegal.com\/tr\/wp-json\/wp\/v2\/media?parent=727"}],"curies":[{"name":"wp","href":"https:\/\/api.w.org\/{rel}","templated":true}]}}