{"id":746,"date":"2024-09-03T21:54:23","date_gmt":"2024-09-03T21:54:23","guid":{"rendered":"https:\/\/nkc.gurudesk.dev\/calisma-alanlari\/"},"modified":"2024-09-06T12:14:48","modified_gmt":"2024-09-06T12:14:48","slug":"calisma-alanlari","status":"publish","type":"page","link":"https:\/\/nkclegal.com\/tr\/calisma-alanlari\/","title":{"rendered":"\u00c7al\u0131\u015fma Alanlar\u0131"},"content":{"rendered":"\t\t<div data-elementor-type=\"wp-page\" data-elementor-id=\"746\" class=\"elementor elementor-746 elementor-100\" data-elementor-post-type=\"page\">\n\t\t\t\t\t\t<section class=\"elementor-section elementor-top-section elementor-element elementor-element-5054fae elementor-section-boxed elementor-section-height-default elementor-section-height-default\" data-id=\"5054fae\" data-element_type=\"section\" data-e-type=\"section\" data-settings=\"{&quot;background_background&quot;:&quot;classic&quot;}\">\n\t\t\t\t\t\t\t<div class=\"elementor-background-overlay\"><\/div>\n\t\t\t\t\t\t\t<div class=\"elementor-container elementor-column-gap-default\">\n\t\t\t\t\t<div class=\"elementor-column elementor-col-100 elementor-top-column elementor-element elementor-element-7e35749\" data-id=\"7e35749\" data-element_type=\"column\" data-e-type=\"column\">\n\t\t\t<div class=\"elementor-widget-wrap elementor-element-populated\">\n\t\t\t\t\t\t<div class=\"elementor-element elementor-element-542cd2f elementor-widget elementor-widget-heading\" data-id=\"542cd2f\" data-element_type=\"widget\" data-e-type=\"widget\" data-widget_type=\"heading.default\">\n\t\t\t\t<div class=\"elementor-widget-container\">\n\t\t\t\t\t<h2 class=\"elementor-heading-title elementor-size-default\">SERV\u0130SLER\u0130M\u0130Z<\/h2>\t\t\t\t<\/div>\n\t\t\t\t<\/div>\n\t\t\t\t<div class=\"elementor-element elementor-element-b1dc073 elementor-widget elementor-widget-heading\" data-id=\"b1dc073\" data-element_type=\"widget\" data-e-type=\"widget\" data-widget_type=\"heading.default\">\n\t\t\t\t<div class=\"elementor-widget-container\">\n\t\t\t\t\t<h1 class=\"elementor-heading-title elementor-size-default\">\u00c7ALI\u015eMA ALANLARI<\/h1>\t\t\t\t<\/div>\n\t\t\t\t<\/div>\n\t\t\t\t\t<\/div>\n\t\t<\/div>\n\t\t\t\t\t<\/div>\n\t\t<\/section>\n\t\t<div class=\"elementor-element elementor-element-b08d868 e-flex e-con-boxed e-con e-parent\" data-id=\"b08d868\" data-element_type=\"container\" data-e-type=\"container\">\n\t\t\t\t\t<div class=\"e-con-inner\">\n\t\t<div class=\"elementor-element elementor-element-4147fa5 e-con-full e-flex e-con e-child\" data-id=\"4147fa5\" data-element_type=\"container\" data-e-type=\"container\">\n\t\t\t\t<div class=\"elementor-element elementor-element-0ea539f elementor-widget elementor-widget-image\" data-id=\"0ea539f\" data-element_type=\"widget\" data-e-type=\"widget\" data-widget_type=\"image.default\">\n\t\t\t\t<div class=\"elementor-widget-container\">\n\t\t\t\t\t\t\t\t\t\t\t\t\t\t\t<img decoding=\"async\" width=\"70\" height=\"2\" src=\"https:\/\/nkclegal.com\/wp-content\/uploads\/2024\/09\/pseudo.png\" class=\"attachment-large size-large wp-image-696\" alt=\"\" \/>\t\t\t\t\t\t\t\t\t\t\t\t\t\t\t<\/div>\n\t\t\t\t<\/div>\n\t\t\t\t<\/div>\n\t\t<div class=\"elementor-element elementor-element-150b62b e-con-full e-flex e-con e-child\" data-id=\"150b62b\" data-element_type=\"container\" data-e-type=\"container\">\n\t\t\t\t<div class=\"elementor-element elementor-element-51ca131 elementor-widget elementor-widget-heading\" data-id=\"51ca131\" data-element_type=\"widget\" data-e-type=\"widget\" data-widget_type=\"heading.default\">\n\t\t\t\t<div class=\"elementor-widget-container\">\n\t\t\t\t\t<h2 class=\"elementor-heading-title elementor-size-default\">\u00c7ALI\u015eMA ALANLARI<\/h2>\t\t\t\t<\/div>\n\t\t\t\t<\/div>\n\t\t\t\t<div class=\"elementor-element elementor-element-f8e64ac elementor-widget__width-initial elementor-widget elementor-widget-text-editor\" data-id=\"f8e64ac\" data-element_type=\"widget\" data-e-type=\"widget\" data-widget_type=\"text-editor.default\">\n\t\t\t\t<div class=\"elementor-widget-container\">\n\t\t\t\t\t\t\t\t\t<p>Hedefimiz profesyonel kurallara ve etik de\u011ferlere sad\u0131k kalarak uluslararas\u0131 standartlarda hizmet sa\u011flayabilmektir.<\/p>\n\t\t\t\t\t\t\t\t<\/div>\n\t\t\t\t<\/div>\n\t\t\t\t<\/div>\n\t\t\t\t\t<\/div>\n\t\t\t\t<\/div>\n\t\t<div class=\"elementor-element elementor-element-dda092e employment-law e-flex e-con-boxed e-con e-parent\" data-id=\"dda092e\" data-element_type=\"container\" data-e-type=\"container\" id=\"employment-law\">\n\t\t\t\t\t<div class=\"e-con-inner\">\n\t\t\t\t<div class=\"elementor-element elementor-element-99cf420 elementor-widget elementor-widget-heading\" data-id=\"99cf420\" data-element_type=\"widget\" data-e-type=\"widget\" data-widget_type=\"heading.default\">\n\t\t\t\t<div class=\"elementor-widget-container\">\n\t\t\t\t\t<h2 class=\"elementor-heading-title elementor-size-default\">\u0130\u015f Hukuku<\/h2>\t\t\t\t<\/div>\n\t\t\t\t<\/div>\n\t\t\t\t<div class=\"elementor-element elementor-element-9c36ff7 elementor-widget elementor-widget-text-editor\" data-id=\"9c36ff7\" data-element_type=\"widget\" data-e-type=\"widget\" data-widget_type=\"text-editor.default\">\n\t\t\t\t<div class=\"elementor-widget-container\">\n\t\t\t\t\t\t\t\t\t<p>M\u00fcvekkillerimiz i\u00e7in uyum program\u0131 haz\u0131rl\u0131yor ve uygulanmas\u0131nda katk\u0131 sunuyoruz. Temel hedefimiz, uyu\u015fmazl\u0131k say\u0131s\u0131n\u0131 en aza indirerek, i\u015fyeri uyumunu s\u00fcrd\u00fcrmek i\u00e7in &#8220;\u00f6nleyici hukuk&#8221; ortam\u0131n\u0131 yaratmakt\u0131r. <\/p>\n\t\t\t\t\t\t\t\t<\/div>\n\t\t\t\t<\/div>\n\t\t\t\t\t<\/div>\n\t\t\t\t<\/div>\n\t\t<div class=\"elementor-element elementor-element-b84f9f7 technology-data e-flex e-con-boxed e-con e-parent\" data-id=\"b84f9f7\" data-element_type=\"container\" data-e-type=\"container\" id=\"technology-data\">\n\t\t\t\t\t<div class=\"e-con-inner\">\n\t\t\t\t<div class=\"elementor-element elementor-element-6b4f0cc elementor-widget elementor-widget-heading\" data-id=\"6b4f0cc\" data-element_type=\"widget\" data-e-type=\"widget\" data-widget_type=\"heading.default\">\n\t\t\t\t<div class=\"elementor-widget-container\">\n\t\t\t\t\t<h2 class=\"elementor-heading-title elementor-size-default\">Teknoloji ve Veri Koruma<\/h2>\t\t\t\t<\/div>\n\t\t\t\t<\/div>\n\t\t\t\t<div class=\"elementor-element elementor-element-d374da0 elementor-widget elementor-widget-text-editor\" data-id=\"d374da0\" data-element_type=\"widget\" data-e-type=\"widget\" data-widget_type=\"text-editor.default\">\n\t\t\t\t<div class=\"elementor-widget-container\">\n\t\t\t\t\t\t\t\t\t<p>M\u00fcvekkillerimizin, KVKK ve GDPR gibi veri koruma d\u00fczenlemelerine uygunlu\u011funu sa\u011flamak i\u00e7in hukuki dok\u00fcmantasyonu haz\u0131rl\u0131yor ve bir uyum program\u0131 y\u00fcr\u00fct\u00fcyoruz. \u00d6zellikle teknoloji odakl\u0131 startup\u2019lar\u0131n yat\u0131r\u0131mlara haz\u0131rlayarak hukuki altyap\u0131lar\u0131n\u0131 olu\u015fturmak da \u00f6ncelikli faaliyet alanlar\u0131m\u0131z aras\u0131ndad\u0131r. Hem yat\u0131r\u0131mc\u0131lar hem de startup\u2019lar i\u00e7in yat\u0131r\u0131m s\u00f6zle\u015fmelerini g\u00f6zden ge\u00e7irmek ve d\u00fczenlemek de sundu\u011fumuz hizmetler aras\u0131ndad\u0131r.  <\/p>\n\t\t\t\t\t\t\t\t<\/div>\n\t\t\t\t<\/div>\n\t\t\t\t\t<\/div>\n\t\t\t\t<\/div>\n\t\t<div class=\"elementor-element elementor-element-274f6b6 legal-consultacy e-flex e-con-boxed e-con e-parent\" data-id=\"274f6b6\" data-element_type=\"container\" data-e-type=\"container\" id=\"legal-consultacy\">\n\t\t\t\t\t<div class=\"e-con-inner\">\n\t\t\t\t<div class=\"elementor-element elementor-element-a8ffeb9 elementor-widget elementor-widget-heading\" data-id=\"a8ffeb9\" data-element_type=\"widget\" data-e-type=\"widget\" data-widget_type=\"heading.default\">\n\t\t\t\t<div class=\"elementor-widget-container\">\n\t\t\t\t\t<h2 class=\"elementor-heading-title elementor-size-default\">Yabanc\u0131 Yat\u0131r\u0131mc\u0131lar i\u00e7in Hukuki Dan\u0131\u015fmanl\u0131k<\/h2>\t\t\t\t<\/div>\n\t\t\t\t<\/div>\n\t\t\t\t<div class=\"elementor-element elementor-element-d3d270b elementor-widget elementor-widget-text-editor\" data-id=\"d3d270b\" data-element_type=\"widget\" data-e-type=\"widget\" data-widget_type=\"text-editor.default\">\n\t\t\t\t<div class=\"elementor-widget-container\">\n\t\t\t\t\t\t\t\t\t<p>T\u00fcrkiye\u2019de yat\u0131r\u0131m yapmak isteyen yabanc\u0131lara hukuki dan\u0131\u015fmanl\u0131k sa\u011fl\u0131yor, \u015firketin kurulumundan \u00e7e\u015fitli alanlarda hukuki uyum s\u00fcrecine kadar e\u015flik ediyoruz.<\/p>\n\t\t\t\t\t\t\t\t<\/div>\n\t\t\t\t<\/div>\n\t\t\t\t\t<\/div>\n\t\t\t\t<\/div>\n\t\t<div class=\"elementor-element elementor-element-d69ae01 corporate-law e-flex e-con-boxed e-con e-parent\" data-id=\"d69ae01\" data-element_type=\"container\" data-e-type=\"container\" id=\"corporate-law\">\n\t\t\t\t\t<div class=\"e-con-inner\">\n\t\t\t\t<div class=\"elementor-element elementor-element-5822390 elementor-widget elementor-widget-heading\" data-id=\"5822390\" data-element_type=\"widget\" data-e-type=\"widget\" data-widget_type=\"heading.default\">\n\t\t\t\t<div class=\"elementor-widget-container\">\n\t\t\t\t\t<h2 class=\"elementor-heading-title elementor-size-default\">\u015eirketler Hukuku<\/h2>\t\t\t\t<\/div>\n\t\t\t\t<\/div>\n\t\t\t\t<div class=\"elementor-element elementor-element-1725453 elementor-widget elementor-widget-text-editor\" data-id=\"1725453\" data-element_type=\"widget\" data-e-type=\"widget\" data-widget_type=\"text-editor.default\">\n\t\t\t\t<div class=\"elementor-widget-container\">\n\t\t\t\t\t\t\t\t\t<p>Daha iyi bir \u015firket y\u00f6netimi i\u00e7in \u015firket y\u00f6netimlerine hukuki konularda dan\u0131\u015fmanl\u0131k sa\u011fl\u0131yoruz. Ortakl\u0131k anla\u015fmalar\u0131 haz\u0131rl\u0131yor, gerekti\u011finde y\u00f6netim kurulu toplant\u0131lar\u0131na kat\u0131l\u0131yor ve sorunlar\u0131 h\u0131zl\u0131 bir \u015fekilde \u00e7\u00f6zmeye odaklanarak \u015firketin i\u015fine odaklanmas\u0131n\u0131 sa\u011flamaya \u00e7al\u0131\u015f\u0131yoruz. <\/p>\n\t\t\t\t\t\t\t\t<\/div>\n\t\t\t\t<\/div>\n\t\t\t\t\t<\/div>\n\t\t\t\t<\/div>\n\t\t<div class=\"elementor-element elementor-element-5208c6e real-estate e-flex e-con-boxed e-con e-parent\" data-id=\"5208c6e\" data-element_type=\"container\" data-e-type=\"container\" id=\"real-estate\">\n\t\t\t\t\t<div class=\"e-con-inner\">\n\t\t\t\t<div class=\"elementor-element elementor-element-464fce4 elementor-widget elementor-widget-heading\" data-id=\"464fce4\" data-element_type=\"widget\" data-e-type=\"widget\" data-widget_type=\"heading.default\">\n\t\t\t\t<div class=\"elementor-widget-container\">\n\t\t\t\t\t<h2 class=\"elementor-heading-title elementor-size-default\">Gayrimenkul<\/h2>\t\t\t\t<\/div>\n\t\t\t\t<\/div>\n\t\t\t\t<div class=\"elementor-element elementor-element-5ca8b69 elementor-widget elementor-widget-text-editor\" data-id=\"5ca8b69\" data-element_type=\"widget\" data-e-type=\"widget\" data-widget_type=\"text-editor.default\">\n\t\t\t\t<div class=\"elementor-widget-container\">\n\t\t\t\t\t\t\t\t\t<p>M\u00fcvekkillerimizin gayrimenkul sat\u0131n alma ve kiralamalar\u0131 i\u00e7in gerekli s\u00f6zle\u015fmeleri haz\u0131rl\u0131yor ve dan\u0131\u015fmanl\u0131k sa\u011fl\u0131yoruz. Dava takip ekibimiz uyu\u015fmazl\u0131klar\u0131 h\u0131zl\u0131 bir \u015fekilde ve m\u00fcvekkilimiz lehine sonu\u00e7land\u0131rmak \u00fczere \u00e7al\u0131\u015fmaktad\u0131r. <\/p>\n\t\t\t\t\t\t\t\t<\/div>\n\t\t\t\t<\/div>\n\t\t\t\t\t<\/div>\n\t\t\t\t<\/div>\n\t\t<div class=\"elementor-element elementor-element-cbb6c44 organized-industrial e-flex e-con-boxed e-con e-parent\" data-id=\"cbb6c44\" data-element_type=\"container\" data-e-type=\"container\" id=\"organized-industrial\">\n\t\t\t\t\t<div class=\"e-con-inner\">\n\t\t\t\t<div class=\"elementor-element elementor-element-2f9770a elementor-widget elementor-widget-heading\" data-id=\"2f9770a\" data-element_type=\"widget\" data-e-type=\"widget\" data-widget_type=\"heading.default\">\n\t\t\t\t<div class=\"elementor-widget-container\">\n\t\t\t\t\t<h2 class=\"elementor-heading-title elementor-size-default\">Organize Sanayi B\u00f6lgeleri Hukuku<\/h2>\t\t\t\t<\/div>\n\t\t\t\t<\/div>\n\t\t\t\t<div class=\"elementor-element elementor-element-e8a25a1 elementor-widget elementor-widget-text-editor\" data-id=\"e8a25a1\" data-element_type=\"widget\" data-e-type=\"widget\" data-widget_type=\"text-editor.default\">\n\t\t\t\t<div class=\"elementor-widget-container\">\n\t\t\t\t\t\t\t\t\t<p>Ba\u015fl\u0131ca uzmanl\u0131k alanlar\u0131m\u0131zdan biri Organize Sanayi B\u00f6lgeleri hukukudur. Bu b\u00f6lgelerdeki \u00f6zel mevzuatlar hakk\u0131nda y\u00f6netimi bilgilendirme ve kurulu\u015f a\u015famas\u0131nda destek sa\u011flamak da faaliyet alanlar\u0131m\u0131z aras\u0131ndad\u0131r. <\/p>\n\t\t\t\t\t\t\t\t<\/div>\n\t\t\t\t<\/div>\n\t\t\t\t\t<\/div>\n\t\t\t\t<\/div>\n\t\t<div class=\"elementor-element elementor-element-228a108 family-law e-flex e-con-boxed e-con e-parent\" data-id=\"228a108\" data-element_type=\"container\" data-e-type=\"container\" id=\"family-law\">\n\t\t\t\t\t<div class=\"e-con-inner\">\n\t\t\t\t<div class=\"elementor-element elementor-element-8db7944 elementor-widget elementor-widget-heading\" data-id=\"8db7944\" data-element_type=\"widget\" data-e-type=\"widget\" data-widget_type=\"heading.default\">\n\t\t\t\t<div class=\"elementor-widget-container\">\n\t\t\t\t\t<h2 class=\"elementor-heading-title elementor-size-default\">Aile Hukuku<\/h2>\t\t\t\t<\/div>\n\t\t\t\t<\/div>\n\t\t\t\t<div class=\"elementor-element elementor-element-1160d77 elementor-widget elementor-widget-text-editor\" data-id=\"1160d77\" data-element_type=\"widget\" data-e-type=\"widget\" data-widget_type=\"text-editor.default\">\n\t\t\t\t<div class=\"elementor-widget-container\">\n\t\t\t\t\t\t\t\t\t<p>Aile i\u00e7indeki hassas hukuki meseleler, miras ve sair anla\u015fmazl\u0131klar\u0131n \u00e7\u00f6z\u00fcm\u00fc dahil olmak \u00fczere hukuki meselelerin \u00e7\u00f6z\u00fcm\u00fcnde ve \u00f6nlenmesinde destek sa\u011fl\u0131yoruz. Bo\u015fanma davalar\u0131 ve mal payla\u015f\u0131m\u0131 konular\u0131 da ekibimizin uzmanl\u0131k alanlar\u0131 aras\u0131ndad\u0131r. <\/p>\n\t\t\t\t\t\t\t\t<\/div>\n\t\t\t\t<\/div>\n\t\t\t\t\t<\/div>\n\t\t\t\t<\/div>\n\t\t<div class=\"elementor-element elementor-element-c2cd637 law-of-contracts e-flex e-con-boxed e-con e-parent\" data-id=\"c2cd637\" data-element_type=\"container\" data-e-type=\"container\" id=\"law-of-contracts\">\n\t\t\t\t\t<div class=\"e-con-inner\">\n\t\t\t\t<div class=\"elementor-element elementor-element-235b2d1 elementor-widget elementor-widget-heading\" data-id=\"235b2d1\" data-element_type=\"widget\" data-e-type=\"widget\" data-widget_type=\"heading.default\">\n\t\t\t\t<div class=\"elementor-widget-container\">\n\t\t\t\t\t<h2 class=\"elementor-heading-title elementor-size-default\">S\u00f6zle\u015fme Hukuku<\/h2>\t\t\t\t<\/div>\n\t\t\t\t<\/div>\n\t\t\t\t<div class=\"elementor-element elementor-element-1cf4f41 elementor-widget elementor-widget-text-editor\" data-id=\"1cf4f41\" data-element_type=\"widget\" data-e-type=\"widget\" data-widget_type=\"text-editor.default\">\n\t\t\t\t<div class=\"elementor-widget-container\">\n\t\t\t\t\t\t\t\t\t<p>Kira s\u00f6zle\u015fmeleri, rekabet yasa\u011f\u0131 s\u00f6zle\u015fmeleri ve sair konularda s\u00f6zle\u015fmeleri haz\u0131rl\u0131yor, yat\u0131r\u0131m anla\u015fmalar\u0131n\u0131 g\u00f6zden ge\u00e7iriyor ve uyum programlar\u0131 i\u00e7in hukuki metinler olu\u015fturuyoruz. <\/p>\n\t\t\t\t\t\t\t\t<\/div>\n\t\t\t\t<\/div>\n\t\t\t\t\t<\/div>\n\t\t\t\t<\/div>\n\t\t\t\t<\/div>\n\t\t","protected":false},"excerpt":{"rendered":"<p>SERV\u0130SLER\u0130M\u0130Z \u00c7ALI\u015eMA ALANLARI \u00c7ALI\u015eMA ALANLARI Hedefimiz profesyonel kurallara ve etik de\u011ferlere sad\u0131k kalarak uluslararas\u0131 standartlarda hizmet sa\u011flayabilmektir. \u0130\u015f Hukuku M\u00fcvekkillerimiz i\u00e7in uyum program\u0131 haz\u0131rl\u0131yor ve uygulanmas\u0131nda katk\u0131 sunuyoruz. Temel hedefimiz, uyu\u015fmazl\u0131k say\u0131s\u0131n\u0131 en aza indirerek, i\u015fyeri uyumunu s\u00fcrd\u00fcrmek i\u00e7in &#8220;\u00f6nleyici hukuk&#8221; ortam\u0131n\u0131 yaratmakt\u0131r. Teknoloji ve Veri Koruma M\u00fcvekkillerimizin, KVKK ve GDPR gibi veri koruma d\u00fczenlemelerine [&hellip;]<\/p>\n","protected":false},"author":1,"featured_media":0,"parent":0,"menu_order":0,"comment_status":"closed","ping_status":"closed","template":"","meta":{"footnotes":""},"class_list":["post-746","page","type-page","status-publish","hentry"],"_links":{"self":[{"href":"https:\/\/nkclegal.com\/tr\/wp-json\/wp\/v2\/pages\/746","targetHints":{"allow":["GET"]}}],"collection":[{"href":"https:\/\/nkclegal.com\/tr\/wp-json\/wp\/v2\/pages"}],"about":[{"href":"https:\/\/nkclegal.com\/tr\/wp-json\/wp\/v2\/types\/page"}],"author":[{"embeddable":true,"href":"https:\/\/nkclegal.com\/tr\/wp-json\/wp\/v2\/users\/1"}],"replies":[{"embeddable":true,"href":"https:\/\/nkclegal.com\/tr\/wp-json\/wp\/v2\/comments?post=746"}],"version-history":[{"count":8,"href":"https:\/\/nkclegal.com\/tr\/wp-json\/wp\/v2\/pages\/746\/revisions"}],"predecessor-version":[{"id":815,"href":"https:\/\/nkclegal.com\/tr\/wp-json\/wp\/v2\/pages\/746\/revisions\/815"}],"wp:attachment":[{"href":"https:\/\/nkclegal.com\/tr\/wp-json\/wp\/v2\/media?parent=746"}],"curies":[{"name":"wp","href":"https:\/\/api.w.org\/{rel}","templated":true}]}}